{"id":125,"date":"2011-06-29T19:51:05","date_gmt":"2011-06-29T17:51:05","guid":{"rendered":"http:\/\/www.tsi1.hostzi.com\/?page_id=125"},"modified":"2023-09-03T20:36:45","modified_gmt":"2023-09-03T18:36:45","slug":"les-ecoles-dingenieur","status":"publish","type":"page","link":"https:\/\/www.tsi.lycee-louis-vincent.fr\/?page_id=125","title":{"rendered":"Places aux concours"},"content":{"rendered":"\n<p class=\"has-text-align-right\"><a title=\"Et apr\u00e8s ?\" href=\"?page_id=69\">Retour vers \u00ab&nbsp;Et apr\u00e8s&nbsp;\u00bb<\/a><\/p>\n\n\n\n<blockquote class=\"wp-block-quote\">\n<p class=\"has-text-align-center\"><strong><span style=\"color: #993366;\">Un quota de place est r\u00e9serv\u00e9 aux \u00e9tudiants de TSI dans chaque \u00e9cole<\/span><\/strong><\/p>\n<\/blockquote>\n\n\n\n<p>En 2023, 768 places \u00e9taient offertes aux \u00e9tudiants de CPGE TSI dans le cadre des concours CCINP et CCS (Centrale-Sup\u00e9lec).<\/p>\n\n\n\n<p>Vous trouverez ci-dessous le d\u00e9tail de ces places.<\/p>\n\n\n\n<div data-wp-interactive=\"\" class=\"wp-block-file\"><object data-wp-bind--hidden=\"!selectors.core.file.hasPdfPreview\" hidden class=\"wp-block-file__embed\" data=\"http:\/\/www.tsi.lycee-louis-vincent.fr\/wp-content\/uploads\/2023\/09\/CCINP-notice-2023-MAJ25-05.pdf\" type=\"application\/pdf\" style=\"width:100%;height:600px\" aria-label=\"Contenu embarqu\u00e9 CCINP-notice-2023-MAJ25-05.\"><\/object><a id=\"wp-block-file--media-22c22d18-7a2d-48aa-acde-8dff669d3778\" href=\"http:\/\/www.tsi.lycee-louis-vincent.fr\/wp-content\/uploads\/2023\/09\/CCINP-notice-2023-MAJ25-05.pdf\">CCINP-notice-2023-MAJ25-05<\/a><a href=\"http:\/\/www.tsi.lycee-louis-vincent.fr\/wp-content\/uploads\/2023\/09\/CCINP-notice-2023-MAJ25-05.pdf\" class=\"wp-block-file__button wp-element-button\" download aria-describedby=\"wp-block-file--media-22c22d18-7a2d-48aa-acde-8dff669d3778\">T\u00e9l\u00e9charger<\/a><\/div>\n\n\n\n<div data-wp-interactive=\"\" class=\"wp-block-file\"><object data-wp-bind--hidden=\"!selectors.core.file.hasPdfPreview\" hidden class=\"wp-block-file__embed\" data=\"http:\/\/www.tsi.lycee-louis-vincent.fr\/wp-content\/uploads\/2023\/09\/CCS-2023-TSI.pdf\" type=\"application\/pdf\" style=\"width:100%;height:600px\" aria-label=\"Contenu embarqu\u00e9 CCS-2023-TSI.\"><\/object><a id=\"wp-block-file--media-b6857069-c47e-4592-adbc-7a838352c41f\" href=\"http:\/\/www.tsi.lycee-louis-vincent.fr\/wp-content\/uploads\/2023\/09\/CCS-2023-TSI.pdf\">CCS-2023-TSI<\/a><a href=\"http:\/\/www.tsi.lycee-louis-vincent.fr\/wp-content\/uploads\/2023\/09\/CCS-2023-TSI.pdf\" class=\"wp-block-file__button wp-element-button\" download aria-describedby=\"wp-block-file--media-b6857069-c47e-4592-adbc-7a838352c41f\">T\u00e9l\u00e9charger<\/a><\/div>\n\n\n\n<p class=\"has-text-align-right\"><a href=\"#\">Retour en haut<\/a><\/p>\n\n\n\n<p class=\"has-text-align-right\"><a title=\"Et apr\u00e8s ?\" href=\"?page_id=69\">Retour vers \u00ab&nbsp;Et apr\u00e8s&nbsp;\u00bb<\/a><\/p>\n","protected":false},"excerpt":{"rendered":"<p>Retour vers \u00ab&nbsp;Et apr\u00e8s&nbsp;\u00bb Un quota de place est r\u00e9serv\u00e9 aux \u00e9tudiants de TSI dans chaque \u00e9cole En 2023, 768 places \u00e9taient offertes aux \u00e9tudiants de CPGE TSI dans le cadre des concours CCINP et CCS (Centrale-Sup\u00e9lec). Vous trouverez ci-dessous le d\u00e9tail de ces places. Retour en haut Retour vers \u00ab&nbsp;Et apr\u00e8s&nbsp;\u00bb<\/p>\n","protected":false},"author":1,"featured_media":0,"parent":69,"menu_order":0,"comment_status":"closed","ping_status":"closed","template":"","meta":{"footnotes":""},"_links":{"self":[{"href":"https:\/\/www.tsi.lycee-louis-vincent.fr\/index.php?rest_route=\/wp\/v2\/pages\/125"}],"collection":[{"href":"https:\/\/www.tsi.lycee-louis-vincent.fr\/index.php?rest_route=\/wp\/v2\/pages"}],"about":[{"href":"https:\/\/www.tsi.lycee-louis-vincent.fr\/index.php?rest_route=\/wp\/v2\/types\/page"}],"author":[{"embeddable":true,"href":"https:\/\/www.tsi.lycee-louis-vincent.fr\/index.php?rest_route=\/wp\/v2\/users\/1"}],"replies":[{"embeddable":true,"href":"https:\/\/www.tsi.lycee-louis-vincent.fr\/index.php?rest_route=%2Fwp%2Fv2%2Fcomments&post=125"}],"version-history":[{"count":5,"href":"https:\/\/www.tsi.lycee-louis-vincent.fr\/index.php?rest_route=\/wp\/v2\/pages\/125\/revisions"}],"predecessor-version":[{"id":5937,"href":"https:\/\/www.tsi.lycee-louis-vincent.fr\/index.php?rest_route=\/wp\/v2\/pages\/125\/revisions\/5937"}],"up":[{"embeddable":true,"href":"https:\/\/www.tsi.lycee-louis-vincent.fr\/index.php?rest_route=\/wp\/v2\/pages\/69"}],"wp:attachment":[{"href":"https:\/\/www.tsi.lycee-louis-vincent.fr\/index.php?rest_route=%2Fwp%2Fv2%2Fmedia&parent=125"}],"curies":[{"name":"wp","href":"https:\/\/api.w.org\/{rel}","templated":true}]}}