{"id":301,"date":"2012-10-09T16:13:07","date_gmt":"2012-10-09T16:13:07","guid":{"rendered":"http:\/\/tsimetz.olympe.in\/?page_id=301"},"modified":"2021-02-25T22:07:02","modified_gmt":"2021-02-25T21:07:02","slug":"le-metier-dingenieur","status":"publish","type":"page","link":"https:\/\/www.tsi.lycee-louis-vincent.fr\/?page_id=301","title":{"rendered":"Le m\u00e9tier d&rsquo;ing\u00e9nieur"},"content":{"rendered":"<p style=\"text-align: right;\"><a title=\"Et apr\u00e8s ?\" href=\"?page_id=69\">Retour vers \u00ab&nbsp;Et apr\u00e8s&nbsp;\u00bb<\/a><\/p>\n<blockquote>\n<p style=\"text-align: center;\"><span style=\"color: #993366;\">Sans ing\u00e9nieur,<\/span><\/p>\n<p style=\"text-align: center;\"><span style=\"color: #993366;\">Pas d\u2019ampoule, pas de voiture, pas d\u2019\u00e9cran plat, pas de smartphone\u2026<\/span><\/p>\n<p><strong><span style=\"color: #993366;\">Contribuez aux progr\u00e8s de la technologie !<\/span><\/strong><\/p><\/blockquote>\n<p style=\"text-align: justify;\">Un ing\u00e9nieur est un professionnel exer\u00e7ant des activit\u00e9s de <em><strong>conception<\/strong><\/em> et de direction de projets, de <em><strong>r\u00e9alisation<\/strong><\/em> et de <em><strong>mise en \u0153uvre<\/strong><\/em> de produits, de syst\u00e8mes ou de services impliquant des probl\u00e8mes techniques complexes.<\/p>\n<p style=\"text-align: justify;\">Pour faire face \u00e0 ces responsabilit\u00e9s, les ing\u00e9nieurs doivent donc ma\u00eetriser un ensemble de connaissances : <em>techniques<\/em>, <em>\u00e9conomiques<\/em>, <em>sociales<\/em> et <em>environnementales<\/em>. Ils sont \u00e9galement amen\u00e9s \u00e0 <em><strong>encadrer des \u00e9quipes<\/strong><\/em>, ils doivent donc aussi d\u00e9velopper leurs <em><strong>relations humaines<\/strong><\/em> et leur capacit\u00e9 de <em><strong>management<\/strong><\/em>.<\/p>\n<p><img decoding=\"async\" class=\"alignright\" title=\"Viaduc de Millau\" alt=\"\" src=\"wp-content\/uploads\/2011\/07\/viaduc-245x300.jpg\"><\/p>\n<p style=\"text-align: justify;\">On trouve actuellement des ing\u00e9nieurs dans de nombreux types d\u2019emplois:<\/p>\n<p>&nbsp;<\/p>\n<ul>\n<li>entreprises industrielles<\/li>\n<li>associations et organismes publics<\/li>\n<li>emplois de services<\/li>\n<li>grande distribution, banque, assurances \u2026<\/li>\n<\/ul>\n<blockquote>\n<p style=\"text-align: justify;\">A cause de la complexit\u00e9 des \u00e9quipements modernes, la demande en ing\u00e9nieur est tr\u00e8s importante (environ 30000 ing\u00e9nieurs sont form\u00e9s en France chaque ann\u00e9e).<\/p>\n<\/blockquote>\n<p style=\"text-align: justify;\">L\u2019ing\u00e9nieur apporte son expertise technique et sa cr\u00e9ativit\u00e9 en tenant compte de contraintes de temps, de ressources, d\u2019innovation, d\u2019ergonomie et de respect de l\u2019environnement et des r\u00e9glementations.<\/p>\n<p style=\"text-align: center;\"><strong>Le m\u00e9tier d\u2019ing\u00e9nieur peut \u00eatre diff\u00e9rent suivant les secteurs d\u2019activit\u00e9.<\/strong><\/p>\n<p style=\"text-align: justify;\">Il peut intervenir dans :<a href=\"wp-content\/uploads\/2011\/07\/katia.jpg\"><img loading=\"lazy\" decoding=\"async\" class=\"alignright size-medium wp-image-417\" title=\"conception d'un avion sur Catia V5\" alt=\"\" src=\"wp-content\/uploads\/2011\/07\/katia-300x225.jpg\" width=\"240\" height=\"180\"><\/a><\/p>\n<ul>\n<li style=\"text-align: justify;\"><span style=\"color: #993366;\"><strong>la recherche et le d\u00e9veloppement<\/strong><\/span> : <em>conception de nouveaux produits. L\u2019ing\u00e9nieur peut \u00eatre concepteur, calculateur, responsable des essais,\u2026<\/em><\/li>\n<li style=\"text-align: justify;\"><span style=\"color: #993366;\"><strong>l\u2019application<\/strong><\/span> : <em>il peut travailler pour les m\u00e9thodes (d\u00e9finition des moyens de fabrication d\u2019un produit), g\u00e9rer les diff\u00e9rents aspects d\u2019une cha\u00eene de production (approvisionnement, stock, d\u00e9lais\u2026), \u2026<\/em><\/li>\n<li style=\"text-align: justify;\"><span style=\"color: #993366;\"><strong>la qualit\u00e9 <\/strong><\/span>: <em>pour am\u00e9liorer la fiabilit\u00e9 d\u2019un produit, d\u2019une cha\u00eene de production, d\u2019un process ;<\/em><\/li>\n<li style=\"text-align: justify;\"><strong><span style=\"color: #993366;\">la s\u00e9curit\u00e9 :<\/span><\/strong><em>l\u2019ing\u00e9nieur \u00e9dicte les r\u00e8glements de s\u00e9curit\u00e9, transcrit les normes de protection et v\u00e9rifie leur application ;<\/em><\/li>\n<li style=\"text-align: justify;\"><span style=\"color: #993366;\"><strong>la vente<\/strong><\/span> : <em>l\u2019ing\u00e9nieur transcrit les besoins des clients en solutions techniques r\u00e9alisables.<\/em><\/li>\n<\/ul>\n<p>&nbsp;<\/p>\n<h4><span style=\"color: #3366ff;\">Quelques ing\u00e9nieurs fran\u00e7ais et leurs recherches :<\/span><\/h4>\n<p>&nbsp;<\/p>\n<ul>\n<li style=\"text-align: justify;\"><span style=\"color: #993366;\"><strong>Rudolf Diesel<\/strong> <\/span>(n\u00e9 \u00e0 Paris. 1815 \u2013 1893, Royal Polytechnic Munich): <em>Concepteur du moteur du m\u00eame nom.<\/em><\/li>\n<li style=\"text-align: justify;\"><span style=\"color: #993366;\"><strong>Alphonse Eug\u00e8ne Beau<\/strong><\/span> (1815 \u2013 1893, Ecole polytechnique, Laur\u00e9at de l\u2019Acad\u00e9mie des Sciences): <em>Premier c\u00e2ble t\u00e9l\u00e9graphique. Invention du moteur 4 temps.<\/em><\/li>\n<li style=\"text-align: justify;\"><span style=\"color: #993366;\"><strong>Gustave Eiffel <\/strong><\/span>(1832 \u2013 1923, Ecole Centrale) : <em>Concepteur de la tour du m\u00eame nom et de l\u2019armature de la statue de la libert\u00e9<\/em><\/li>\n<li style=\"text-align: justify;\"><span style=\"color: #993366;\"><strong>Andr\u00e9 Michelin<\/strong><\/span> (1853 \u2013 1931, Ecole Centrale) : <em>Cr\u00e9ateur du guide Michelin et des cartes routi\u00e8res. Fabriquant de pneumatiques<\/em><\/li>\n<li style=\"text-align: justify;\"><span style=\"color: #993366;\"><strong>Henri Poincar\u00e9 <\/strong><\/span>(1854 \u2013 1912, Ecole Polytechnique, Ecole des mines) : <em>Relativit\u00e9 et m\u00e9thodes de calculs math\u00e9matiques.<\/em><\/li>\n<li style=\"text-align: justify;\"><span style=\"color: #993366;\"><strong>Louis Bl\u00e9riot<\/strong><\/span> (1872 \u2013 1936, Ecole Centrale) : <em>Concepteur des avions du m\u00eame nom. Premier vol en 1907. Premier titulaire du brevet de pilote.<\/em><\/li>\n<li style=\"text-align: justify;\"><span style=\"color: #993366;\"><strong>Marcel Dassault<\/strong><\/span> (1892 \u2013 1986, ESIEE, Supa\u00e9ro) : <em>Fondateur et PDG du groupe Dassault Aviation (fabricant du Rafale)<\/em><\/li>\n<li style=\"text-align: justify;\"><span style=\"color: #993366;\"><strong>Jean Luc Lagard\u00e8re<\/strong><\/span> (1928 \u2013 2003, Sup\u00e9lec): <em>PDG du groupe MAtra (d\u00e9veloppeur de F1 et de voitures de courses)<\/em><\/li>\n<li style=\"text-align: justify;\"><span style=\"color: #993366;\"><strong>Vous peut-\u00eatre ?<\/strong><\/span><\/li>\n<\/ul>\n<p style=\"text-align: center;\"><a href=\"wp-content\/uploads\/2011\/07\/DeVinciHelico.png\"><img loading=\"lazy\" decoding=\"async\" class=\"aligncenter size-full wp-image-431\" title=\"Projet d'h\u00e9licopt\u00e8re. L\u00e9onard de Vinci\" alt=\"\" src=\"wp-content\/uploads\/2011\/07\/DeVinciHelico.png\" width=\"300\" height=\"221\"><\/a><\/p>\n<p style=\"text-align: right;\"><a title=\"Et apr\u00e8s ?\" href=\"?page_id=69\">Retour vers \u00ab&nbsp;Et apr\u00e8s&nbsp;\u00bb<\/a><\/p>\n<div class=\"clear\"><\/div>\n","protected":false},"excerpt":{"rendered":"<p>Retour vers \u00ab&nbsp;Et apr\u00e8s&nbsp;\u00bb Sans ing\u00e9nieur, Pas d\u2019ampoule, pas de voiture, pas d\u2019\u00e9cran plat, pas de smartphone\u2026 Contribuez aux progr\u00e8s de la technologie ! Un ing\u00e9nieur est un professionnel exer\u00e7ant des activit\u00e9s de conception et de direction de projets, de r\u00e9alisation et de mise en \u0153uvre de produits, de syst\u00e8mes ou de services impliquant des [&hellip;]<\/p>\n","protected":false},"author":1,"featured_media":0,"parent":69,"menu_order":0,"comment_status":"closed","ping_status":"open","template":"","meta":{"footnotes":""},"_links":{"self":[{"href":"https:\/\/www.tsi.lycee-louis-vincent.fr\/index.php?rest_route=\/wp\/v2\/pages\/301"}],"collection":[{"href":"https:\/\/www.tsi.lycee-louis-vincent.fr\/index.php?rest_route=\/wp\/v2\/pages"}],"about":[{"href":"https:\/\/www.tsi.lycee-louis-vincent.fr\/index.php?rest_route=\/wp\/v2\/types\/page"}],"author":[{"embeddable":true,"href":"https:\/\/www.tsi.lycee-louis-vincent.fr\/index.php?rest_route=\/wp\/v2\/users\/1"}],"replies":[{"embeddable":true,"href":"https:\/\/www.tsi.lycee-louis-vincent.fr\/index.php?rest_route=%2Fwp%2Fv2%2Fcomments&post=301"}],"version-history":[{"count":1,"href":"https:\/\/www.tsi.lycee-louis-vincent.fr\/index.php?rest_route=\/wp\/v2\/pages\/301\/revisions"}],"predecessor-version":[{"id":4755,"href":"https:\/\/www.tsi.lycee-louis-vincent.fr\/index.php?rest_route=\/wp\/v2\/pages\/301\/revisions\/4755"}],"up":[{"embeddable":true,"href":"https:\/\/www.tsi.lycee-louis-vincent.fr\/index.php?rest_route=\/wp\/v2\/pages\/69"}],"wp:attachment":[{"href":"https:\/\/www.tsi.lycee-louis-vincent.fr\/index.php?rest_route=%2Fwp%2Fv2%2Fmedia&parent=301"}],"curies":[{"name":"wp","href":"https:\/\/api.w.org\/{rel}","templated":true}]}}