{"id":441,"date":"2012-11-07T11:41:56","date_gmt":"2012-11-07T11:41:56","guid":{"rendered":"http:\/\/tsimetz.olympe.in\/?page_id=441"},"modified":"2012-11-07T11:41:56","modified_gmt":"2012-11-07T11:41:56","slug":"infos-pratiques","status":"publish","type":"page","link":"https:\/\/www.tsi.lycee-louis-vincent.fr\/?page_id=441","title":{"rendered":"Infos pratiques"},"content":{"rendered":"<div class=\"entry\">\n<p style=\"text-align: justify;\">Vous trouverez dans cette section toutes les informations n\u00e9cessaires pour bien vivre et \u00e9tudier \u00e0 Metz:<\/p>\n<ul>\n<li style=\"text-align: justify;\"><a title=\"La ville de Metz\" href=\"\/?page_id=443\">Une pr\u00e9sentation de la ville: son histoire, ses curiosit\u00e9s, les possibilit\u00e9s de sortie \u2026<\/a><\/li>\n<li><a title=\"O\u00f9 se loger ?\" href=\"\/?page_id=449\">Les possibilit\u00e9s de logement<\/a><\/li>\n<li><a title=\"Se d\u00e9placer dans Metz\" href=\"\/?page_id=453\">Les possibilit\u00e9s de transport, les tarifs \u2026<\/a><\/li>\n<li><a title=\"Plan d\u2019acc\u00e8s\" href=\"\/?page_id=456\">Les coordonn\u00e9es du lyc\u00e9e<\/a><\/li>\n<\/ul>\n<\/div>\n","protected":false},"excerpt":{"rendered":"<p>Vous trouverez dans cette section toutes les informations n\u00e9cessaires pour bien vivre et \u00e9tudier \u00e0 Metz: Une pr\u00e9sentation de la ville: son histoire, ses curiosit\u00e9s, les possibilit\u00e9s de sortie \u2026 Les possibilit\u00e9s de logement Les possibilit\u00e9s de transport, les tarifs \u2026 Les coordonn\u00e9es du lyc\u00e9e<\/p>\n","protected":false},"author":1,"featured_media":0,"parent":0,"menu_order":0,"comment_status":"closed","ping_status":"closed","template":"","meta":{"footnotes":""},"_links":{"self":[{"href":"https:\/\/www.tsi.lycee-louis-vincent.fr\/index.php?rest_route=\/wp\/v2\/pages\/441"}],"collection":[{"href":"https:\/\/www.tsi.lycee-louis-vincent.fr\/index.php?rest_route=\/wp\/v2\/pages"}],"about":[{"href":"https:\/\/www.tsi.lycee-louis-vincent.fr\/index.php?rest_route=\/wp\/v2\/types\/page"}],"author":[{"embeddable":true,"href":"https:\/\/www.tsi.lycee-louis-vincent.fr\/index.php?rest_route=\/wp\/v2\/users\/1"}],"replies":[{"embeddable":true,"href":"https:\/\/www.tsi.lycee-louis-vincent.fr\/index.php?rest_route=%2Fwp%2Fv2%2Fcomments&post=441"}],"version-history":[{"count":0,"href":"https:\/\/www.tsi.lycee-louis-vincent.fr\/index.php?rest_route=\/wp\/v2\/pages\/441\/revisions"}],"wp:attachment":[{"href":"https:\/\/www.tsi.lycee-louis-vincent.fr\/index.php?rest_route=%2Fwp%2Fv2%2Fmedia&parent=441"}],"curies":[{"name":"wp","href":"https:\/\/api.w.org\/{rel}","templated":true}]}}