{"id":453,"date":"2012-11-07T11:50:38","date_gmt":"2012-11-07T11:50:38","guid":{"rendered":"http:\/\/tsimetz.olympe.in\/?page_id=453"},"modified":"2014-07-03T18:19:00","modified_gmt":"2014-07-03T16:19:00","slug":"se-deplacer-dans-metz","status":"publish","type":"page","link":"https:\/\/www.tsi.lycee-louis-vincent.fr\/?page_id=453","title":{"rendered":"Se d\u00e9placer dans Metz"},"content":{"rendered":"<h4 style=\"text-align: left;\"><span style=\"color: #993366;\">En Bus :<\/span><\/h4>\n<blockquote>\n<p style=\"text-align: center;\"><span style=\"color: #993366;\">Le lyc\u00e9e est desservi par le r\u00e9seau de transports en commun de l\u2019agglom\u00e9ration messine, le MET&rsquo;.<\/span><\/p>\n<\/blockquote>\n<p>Vous pouvez empruntez des bus \u00e0 partir:<\/p>\n<p style=\"padding-left: 30px;\">des arr\u00eats <strong>Charles P\u00eatre<\/strong> ou <strong>Bon Secours<\/strong> (\u00e0 c\u00f4t\u00e9 du lyc\u00e9e)<\/p>\n<p style=\"text-align: center;\">lignes 1 et\u00a0<span style=\"color: #993366;\">2<\/span>.<\/p>\n<p style=\"padding-left: 30px;\">de l\u2019arr\u00eat <strong>Roi Gorges<\/strong> (\u00e0 500m du lyc\u00e9e)<\/p>\n<p style=\"text-align: center;\">lignes METTIS A et B\u00a0.<\/p>\n<blockquote>\n<p style=\"text-align: center;\">L&rsquo;ensemble des horaires est disponible <a href=\"http:\/\/lemet.fr\/vos-fiches-horaires-par-lignes\/\" target=\"_blank\">ici<\/a>.<\/p>\n<p style=\"text-align: center;\">Le plan du r\u00e9seau est disponible <a href=\"http:\/\/lemet.fr\/plans\/Plan_reseau_geo_schematique_750x750mmV2.pdf\" target=\"_blank\">ici<\/a>.<span style=\"color: #993366;\"><strong><br \/>\n<\/strong><\/span><\/p>\n<\/blockquote>\n<h5 style=\"padding-left: 30px;\"><span style=\"color: #993366;\">Les tarifs :<\/span><\/h5>\n<p><em>Pour ceux qui voyagent peu :<\/em><\/p>\n<p style=\"padding-left: 30px;\"><span style=\"color: #993366;\">Ticket 1 voyage :<\/span> <strong>1,70\u20ac<\/strong> (et 1,50\u20ac en rechargement)<br \/>\n<span style=\"color: #993366;\">Ticket 2 voyages :<\/span> <strong>2,90\u20ac<\/strong> (et 2,70\u20ac en rechargement)<br \/>\n<span style=\"color: #993366;\">Ticket 10 voyages :<\/span> <strong>12,80\u20ac<\/strong><\/p>\n<p><em>Pour ceux qui voyagent beaucoup:<\/em><\/p>\n<p style=\"padding-left: 30px;\"><span style=\"color: #993366;\">Pass 1 jour:<\/span>\u00a04<strong>,00\u20ac<\/strong>.<br \/>\n<span style=\"color: #993366;\">Abonnement Mensuel<\/span> 1 mois de voyages illimit\u00e9s<\/p>\n<p style=\"padding-left: 90px;\"><strong>25,50\u20ac<\/strong> pour les \u00e9tudiants de moins de 26 ans non boursiers<br \/>\n<strong>20,50\u20ac<\/strong> pour les \u00e9tudiants de moins de 26 ans boursiers<\/p>\n<p style=\"padding-left: 30px;\"><span style=\"color: #993366;\">Abonnement Annuel<\/span> 1 an de voyages illimit\u00e9s<\/p>\n<p style=\"padding-left: 90px;\"><strong>229,50\u20ac<\/strong> pour les \u00e9tudiants de 26 ans non boursiers<br \/>\n<strong>184,50\u20ac<\/strong> pour les \u00e9tudiants de 26 ans boursiers<\/p>\n<blockquote>\n<p style=\"text-align: center;\"><span style=\"color: #993366;\"><strong>Plus d\u2019informations sur <a href=\"http:\/\/www.lemet.fr\" target=\"_blank\">lemet.fr<\/a><\/strong><\/span><\/p>\n<\/blockquote>\n<h4 style=\"text-align: left;\"><span style=\"color: #993366;\">A pied :<\/span><\/h4>\n<p style=\"text-align: justify;\">Le lyc\u00e9e est situ\u00e9 \u00e0 10 minutes \u00e0 pied du centre pi\u00e9tonnier de Metz. Vous y trouverez tous types de commerces.<\/p>\n<h4 style=\"text-align: left;\"><span style=\"color: #993366;\">En voiture :<\/span><\/h4>\n<p style=\"text-align: justify;\">Si vous ne pouvez r\u00e9sister \u00e0 votre voiture, sachez qu\u2019il existe quelques places de stationnement gratuit aux alentours du lyc\u00e9e mais celles-ci sont tr\u00e8s pris\u00e9es.<\/p>\n","protected":false},"excerpt":{"rendered":"<p>En Bus : Le lyc\u00e9e est desservi par le r\u00e9seau de transports en commun de l\u2019agglom\u00e9ration messine, le MET&rsquo;. Vous pouvez empruntez des bus \u00e0 partir: des arr\u00eats Charles P\u00eatre ou Bon Secours (\u00e0 c\u00f4t\u00e9 du lyc\u00e9e) lignes 1 et\u00a02. de l\u2019arr\u00eat Roi Gorges (\u00e0 500m du lyc\u00e9e) lignes METTIS A et B\u00a0. L&rsquo;ensemble des [&hellip;]<\/p>\n","protected":false},"author":1,"featured_media":0,"parent":441,"menu_order":0,"comment_status":"closed","ping_status":"closed","template":"","meta":{"footnotes":""},"_links":{"self":[{"href":"https:\/\/www.tsi.lycee-louis-vincent.fr\/index.php?rest_route=\/wp\/v2\/pages\/453"}],"collection":[{"href":"https:\/\/www.tsi.lycee-louis-vincent.fr\/index.php?rest_route=\/wp\/v2\/pages"}],"about":[{"href":"https:\/\/www.tsi.lycee-louis-vincent.fr\/index.php?rest_route=\/wp\/v2\/types\/page"}],"author":[{"embeddable":true,"href":"https:\/\/www.tsi.lycee-louis-vincent.fr\/index.php?rest_route=\/wp\/v2\/users\/1"}],"replies":[{"embeddable":true,"href":"https:\/\/www.tsi.lycee-louis-vincent.fr\/index.php?rest_route=%2Fwp%2Fv2%2Fcomments&post=453"}],"version-history":[{"count":2,"href":"https:\/\/www.tsi.lycee-louis-vincent.fr\/index.php?rest_route=\/wp\/v2\/pages\/453\/revisions"}],"predecessor-version":[{"id":1697,"href":"https:\/\/www.tsi.lycee-louis-vincent.fr\/index.php?rest_route=\/wp\/v2\/pages\/453\/revisions\/1697"}],"up":[{"embeddable":true,"href":"https:\/\/www.tsi.lycee-louis-vincent.fr\/index.php?rest_route=\/wp\/v2\/pages\/441"}],"wp:attachment":[{"href":"https:\/\/www.tsi.lycee-louis-vincent.fr\/index.php?rest_route=%2Fwp%2Fv2%2Fmedia&parent=453"}],"curies":[{"name":"wp","href":"https:\/\/api.w.org\/{rel}","templated":true}]}}