{"id":67,"date":"2011-06-27T17:07:51","date_gmt":"2011-06-27T15:07:51","guid":{"rendered":"http:\/\/www.tsi1.hostzi.com\/?page_id=67"},"modified":"2024-02-04T22:12:54","modified_gmt":"2024-02-04T21:12:54","slug":"integrer-la-tsi","status":"publish","type":"page","link":"https:\/\/www.tsi.lycee-louis-vincent.fr\/?page_id=67","title":{"rendered":"La pr\u00e9pa TSI"},"content":{"rendered":"<blockquote>\n<p style=\"text-align: center;\"><span style=\"color: #993366;\">Tu souhaites devenir ing\u00e9nieur(e), enseignant(e) ou chercheur avec un bac technologique ?<\/span><span style=\"color: #993366;\"><br \/>\n<strong><span style=\"color: #3366ff;\">C&rsquo;est possible !!!<\/span><br \/>\n<\/strong><\/span><span style=\"color: #993366;\"><strong>La classe pr\u00e9pa TSI te permettra de concr\u00e9tiser tes projets!<\/strong><\/span><\/p>\n<\/blockquote>\n<p style=\"text-align: justify;\">Les classes pr\u00e9paratoires TSI (<strong>T<\/strong>echnologie,\u00a0<strong>S<\/strong>ciences de l&rsquo;<strong>I<\/strong>ng\u00e9nieur), sont <strong>r\u00e9serv\u00e9es<\/strong> aux \u00e9l\u00e8ves titulaires d&rsquo;un baccalaur\u00e9at technologique STI2D ou sciences et techniques de laboratoire STL. Les \u00e9tudiants proviennent g\u00e9n\u00e9ralement des fili\u00e8res:<\/p>\n<ul>\n<li><em>EE<\/em><\/li>\n<li><em>ITEC<\/em><\/li>\n<li><em>SIN<\/em><\/li>\n<li><em>AC<\/em><\/li>\n<li><em>STL SPCL<\/em><\/li>\n<\/ul>\n<blockquote>\n<p style=\"text-align: justify;\"><span style=\"color: #993366;\"><strong>La CPGE TSI tient compte de la sp\u00e9cificit\u00e9 des \u00e9l\u00e8ves issus d&rsquo;un bac technologique<\/strong>, et propose un <strong>programme adapt\u00e9<\/strong>.<\/span><\/p>\n<\/blockquote>\n<p style=\"text-align: justify;\">C&rsquo;est pourquoi on y retrouve des mati\u00e8res d&rsquo;enseignement g\u00e9n\u00e9ral comme les <em>math\u00e9matiques<\/em>, la <em>physique<\/em>, le <em>fran\u00e7ais<\/em> et la <em>langue vivante<\/em> mais la\u00a0<em>technologie<\/em> (\u00e9lectricit\u00e9 et m\u00e9canique) y tient\u00a0une place plus importante que dans les autres fili\u00e8res de CPGE. (Voir page \u00ab\u00a0<a title=\"Horaires et enseignements\" href=\"\/?page_id=83\">Horaires et Enseignements<\/a>\u00ab\u00a0)<\/p>\n<p style=\"text-align: justify;\">Pendant deux ann\u00e9es, les \u00e9tudiants sont form\u00e9s dans ces diff\u00e9rents domaines, dans une <span style=\"color: #993366;\"><strong>ambiance conviviale<\/strong><\/span> o\u00f9 l&rsquo;<span style=\"color: #993366;\"><strong>esprit d&rsquo;\u00e9quipe<\/strong><\/span> est fortement encourag\u00e9. Des heures d&rsquo;<em>interrogation orale<\/em> appel\u00e9es \u00ab\u00a0<em>colles<\/em>\u00a0\u00bb permettent aux \u00e9tudiants de faire un point sur leur connaissance et d&rsquo;obtenir un <span style=\"color: #993366;\"><strong>accompagnement personnalis\u00e9<\/strong><\/span>.<\/p>\n<p style=\"text-align: justify;\">A la fin de la deuxi\u00e8me ann\u00e9e, les \u00e9tudiants peuvent int\u00e9grer une \u00e9cole d&rsquo;ing\u00e9nieur. Des <strong><a title=\"Places aux concours\" href=\"\/?page_id=125\">places sont r\u00e9serv\u00e9es<\/a> <\/strong>\u00e0 la fili\u00e8re TSI dans tous les <strong><a title=\"Et apr\u00e8s ?\" href=\"\/?page_id=69\">concours<\/a><\/strong> des grandes \u00e9coles. D&rsquo;autres \u00e9coles sont \u00e9galement accessibles sur dossier.<\/p>\n<blockquote>\n<p style=\"text-align: justify;\"><span style=\"color: #993366;\"><strong>Les \u00e9tudiants ne sont jamais en concurrence avec ceux des autres fili\u00e8res<\/strong>.<\/span><\/p>\n<\/blockquote>\n<p style=\"text-align: justify;\">Contrairement aux formations post-bac dites \u00e0 \u00ab\u00a0pr\u00e9pa int\u00e9gr\u00e9e\u00a0\u00bb, la pr\u00e9pa TSI permet aux \u00e9tudiants de r\u00e9aliser un cursus plus g\u00e9n\u00e9raliste leur laissant la porte ouverte \u00e0 tous les types d&rsquo;\u00e9cole d&rsquo;ing\u00e9nieur. De plus, les programmes sont adapt\u00e9s aux \u00e9tudiants qui ne sont donc pas noy\u00e9s parmis les \u00e9tudiants titulaires d&rsquo;un bac scientifique.<\/p>\n<p><iframe loading=\"lazy\" title=\"Diaporama CPGE TSI LV\" width=\"830\" height=\"467\" src=\"https:\/\/www.youtube.com\/embed\/6vW5LUTB2mg?feature=oembed\" frameborder=\"0\" allow=\"accelerometer; autoplay; clipboard-write; encrypted-media; gyroscope; picture-in-picture; web-share\" allowfullscreen><\/iframe><\/p>\n<blockquote>\n<p style=\"text-align: justify;\"><span style=\"color: #993366;\">Les <strong><a title=\"T\u00e9moignages\" href=\"\/?page_id=173\">t\u00e9moignages<\/a><\/strong> des anciens \u00e9tudiants te montreront qu&rsquo;opter pour une <strong>CPGE TSI <\/strong>est le meilleur choix pour int\u00e9grer une grande \u00e9cole d&rsquo;ing\u00e9nieur.<\/span><\/p>\n<\/blockquote>\n<h5>Pour toutes les autres questions que tu pourrais te poser n&rsquo;h\u00e9site pas:<\/h5>\n<ul>\n<li>A consulter le reste du site et la <a title=\"Foire aux questions\" href=\"\/?page_id=110\">Foire aux Questions<\/a>.<\/li>\n<li>A nous <a title=\"Contactez-nous\" href=\"\/?page_id=55\">contacter<\/a><\/li>\n<\/ul>\n<h5>Pages associ\u00e9es :<\/h5>\n<ul>\n<li><a title=\"Proc\u00e9dure d\u2019admission\" href=\"\/?page_id=85\" target=\"_blank\" rel=\"noopener\">Proc\u00e9dure d&rsquo;admission<\/a><\/li>\n<li><a title=\"Horaires et enseignements\" href=\"\/?page_id=83\" target=\"_blank\" rel=\"noopener\">Horaires et enseignements<\/a><\/li>\n<li><a title=\"Origine des \u00e9tudiants\" href=\"\/?page_id=87\" target=\"_blank\" rel=\"noopener\">Origine des \u00e9tudiants<\/a><\/li>\n<li><a title=\"Foire aux questions\" href=\"\/?page_id=110\" target=\"_blank\" rel=\"noopener\">Foire aux questions<\/a><\/li>\n<\/ul>\n","protected":false},"excerpt":{"rendered":"<p>Tu souhaites devenir ing\u00e9nieur(e), enseignant(e) ou chercheur avec un bac technologique ? C&rsquo;est possible !!! La classe pr\u00e9pa TSI te permettra de concr\u00e9tiser tes projets! Les classes pr\u00e9paratoires TSI (Technologie,\u00a0Sciences de l&rsquo;Ing\u00e9nieur), sont r\u00e9serv\u00e9es aux \u00e9l\u00e8ves titulaires d&rsquo;un baccalaur\u00e9at technologique STI2D ou sciences et techniques de laboratoire STL. Les \u00e9tudiants proviennent g\u00e9n\u00e9ralement des fili\u00e8res: EE [&hellip;]<\/p>\n","protected":false},"author":1,"featured_media":0,"parent":0,"menu_order":0,"comment_status":"closed","ping_status":"closed","template":"","meta":{"footnotes":""},"_links":{"self":[{"href":"https:\/\/www.tsi.lycee-louis-vincent.fr\/index.php?rest_route=\/wp\/v2\/pages\/67"}],"collection":[{"href":"https:\/\/www.tsi.lycee-louis-vincent.fr\/index.php?rest_route=\/wp\/v2\/pages"}],"about":[{"href":"https:\/\/www.tsi.lycee-louis-vincent.fr\/index.php?rest_route=\/wp\/v2\/types\/page"}],"author":[{"embeddable":true,"href":"https:\/\/www.tsi.lycee-louis-vincent.fr\/index.php?rest_route=\/wp\/v2\/users\/1"}],"replies":[{"embeddable":true,"href":"https:\/\/www.tsi.lycee-louis-vincent.fr\/index.php?rest_route=%2Fwp%2Fv2%2Fcomments&post=67"}],"version-history":[{"count":5,"href":"https:\/\/www.tsi.lycee-louis-vincent.fr\/index.php?rest_route=\/wp\/v2\/pages\/67\/revisions"}],"predecessor-version":[{"id":6256,"href":"https:\/\/www.tsi.lycee-louis-vincent.fr\/index.php?rest_route=\/wp\/v2\/pages\/67\/revisions\/6256"}],"wp:attachment":[{"href":"https:\/\/www.tsi.lycee-louis-vincent.fr\/index.php?rest_route=%2Fwp%2Fv2%2Fmedia&parent=67"}],"curies":[{"name":"wp","href":"https:\/\/api.w.org\/{rel}","templated":true}]}}