{"id":69,"date":"2011-06-27T17:09:05","date_gmt":"2011-06-27T17:09:05","guid":{"rendered":"http:\/\/www.tsi1.hostzi.com\/?page_id=69"},"modified":"2024-02-04T22:11:29","modified_gmt":"2024-02-04T21:11:29","slug":"et-apres","status":"publish","type":"page","link":"https:\/\/www.tsi.lycee-louis-vincent.fr\/?page_id=69","title":{"rendered":"Et apr\u00e8s ?"},"content":{"rendered":"<blockquote>\n<p style=\"text-align: center;\"><span style=\"color: #993366;\">Apr\u00e8s deux ann\u00e9es d&rsquo;\u00e9tude, les \u00e9tudiants en CPGE TSI peuvent se pr\u00e9senter \u00e0 de tr\u00e8s nombreuses \u00e9coles d&rsquo;ing\u00e9nieur,\u00a0<strong>m\u00eame les plus renomm\u00e9es<\/strong>.<\/span><\/p>\n<\/blockquote>\n<p style=\"text-align: justify;\">Cette admission se fait g\u00e9n\u00e9ralement par l&rsquo;interm\u00e9diaire de \u00ab\u00a0concours communs\u00a0\u00bb dans lesquels les \u00e9coles sont regroup\u00e9es afin de limiter le nombre d&rsquo;\u00e9preuves.<\/p>\n<blockquote>\n<p style=\"text-align: justify;\">Les \u00e9coles d&rsquo;ing\u00e9nieurs <strong>r\u00e9servent un quota de places<\/strong> aux \u00e9tudiants de la fili\u00e8re TSI.<br \/>\n<span style=\"color: #993366;\"><strong>Il ne sont donc pas en concurrence avec les \u00e9tudiants des autres CPGE<\/strong><\/span> (MP, PC, &#8230;)<\/p>\n<p style=\"text-align: justify;\"><span style=\"color: #993366;\">En 2023, 768<strong>\u00a0places<\/strong> ont \u00e9t\u00e9 r\u00e9serv\u00e9es \u00e0 la fili\u00e8re TSI pour environ <strong>1200 \u00e9tudiants<\/strong><\/span> (voir la page \u00ab\u00a0<strong><a title=\"Les \u00e9coles d\u2019ing\u00e9nieur\" href=\"\/?page_id=125\">Places aux concours<\/a><\/strong>\u00ab\u00a0).<\/p>\n<\/blockquote>\n<p>Dans la fili\u00e8re TSI, il existe deux grands concours:<\/p>\n<ul>\n<li><span style=\"color: #3366ff;\"><em><a href=\"http:\/\/www.concours-centrale-supelec.fr\/\" target=\"_blank\" rel=\"noopener\">Le concours Centrale-Mines<\/a><\/em><\/span><\/li>\n<li><em><a href=\"http:\/\/ccp.scei-concours.fr\/\" target=\"_blank\" rel=\"noopener\">Le concours CCP<\/a><\/em><\/li>\n<li><em>Certaines \u00e9coles utilisent les notes obtenues \u00e0 ces concours mais avec des coefficients diff\u00e9rents et organisent leurs oraux de mani\u00e8re sp\u00e9cifique. C&rsquo;est la\u00a0banque CCP.<\/em><\/li>\n<\/ul>\n<p style=\"text-align: justify;\">Les \u00e9preuves \u00e9crites se d\u00e9roulent en g\u00e9n\u00e9ral de la mi-avril \u00e0 la mi-mai pour la fili\u00e8re TSI. A partir de mi-juin, les \u00e9tudiants admissibles vont passer des \u00e9preuves orales. Les r\u00e9sultats d\u00e9finitifs sont connus vers la fin du mois de juillet.<\/p>\n<blockquote>\n<p style=\"text-align: justify;\"><span style=\"color: #993366;\">De\u00a0<strong>nombreuses places<\/strong> sont \u00e9galement disponibles dans\u00a0<strong>des \u00e9coles sur dossier <\/strong>ainsi qu&rsquo;en fili\u00e8res<strong> par alternance<\/strong><\/span>.<\/p>\n<p>Pour am\u00e9liorer ses r\u00e9sultats, un \u00e9tudiant <strong>peut redoubler sa deuxi\u00e8me ann\u00e9e<\/strong>, il devient 5\/2<\/p><\/blockquote>\n<h5>Pages associ\u00e9es :<\/h5>\n<ul>\n<li><a title=\"Places aux concours\" href=\"\/?page_id=125\">Places aux concours<\/a><\/li>\n<li><a title=\"R\u00e9sultats\" href=\"\/?page_id=71\">R\u00e9sultats<\/a><\/li>\n<li><a title=\"Le m\u00e9tier d\u2019ing\u00e9nieur\" href=\"\/?page_id=253\">Le m\u00e9tier d&rsquo;ing\u00e9nieur<\/a><\/li>\n<li><a title=\"T\u00e9moignages\" href=\"\/?page_id=173\">T\u00e9moignages<\/a><\/li>\n<\/ul>\n<p style=\"text-align: justify;\">\n","protected":false},"excerpt":{"rendered":"<p>Apr\u00e8s deux ann\u00e9es d&rsquo;\u00e9tude, les \u00e9tudiants en CPGE TSI peuvent se pr\u00e9senter \u00e0 de tr\u00e8s nombreuses \u00e9coles d&rsquo;ing\u00e9nieur,\u00a0m\u00eame les plus renomm\u00e9es. Cette admission se fait g\u00e9n\u00e9ralement par l&rsquo;interm\u00e9diaire de \u00ab\u00a0concours communs\u00a0\u00bb dans lesquels les \u00e9coles sont regroup\u00e9es afin de limiter le nombre d&rsquo;\u00e9preuves. Les \u00e9coles d&rsquo;ing\u00e9nieurs r\u00e9servent un quota de places aux \u00e9tudiants de la [&hellip;]<\/p>\n","protected":false},"author":1,"featured_media":0,"parent":0,"menu_order":0,"comment_status":"closed","ping_status":"open","template":"","meta":{"footnotes":""},"_links":{"self":[{"href":"https:\/\/www.tsi.lycee-louis-vincent.fr\/index.php?rest_route=\/wp\/v2\/pages\/69"}],"collection":[{"href":"https:\/\/www.tsi.lycee-louis-vincent.fr\/index.php?rest_route=\/wp\/v2\/pages"}],"about":[{"href":"https:\/\/www.tsi.lycee-louis-vincent.fr\/index.php?rest_route=\/wp\/v2\/types\/page"}],"author":[{"embeddable":true,"href":"https:\/\/www.tsi.lycee-louis-vincent.fr\/index.php?rest_route=\/wp\/v2\/users\/1"}],"replies":[{"embeddable":true,"href":"https:\/\/www.tsi.lycee-louis-vincent.fr\/index.php?rest_route=%2Fwp%2Fv2%2Fcomments&post=69"}],"version-history":[{"count":3,"href":"https:\/\/www.tsi.lycee-louis-vincent.fr\/index.php?rest_route=\/wp\/v2\/pages\/69\/revisions"}],"predecessor-version":[{"id":6254,"href":"https:\/\/www.tsi.lycee-louis-vincent.fr\/index.php?rest_route=\/wp\/v2\/pages\/69\/revisions\/6254"}],"wp:attachment":[{"href":"https:\/\/www.tsi.lycee-louis-vincent.fr\/index.php?rest_route=%2Fwp%2Fv2%2Fmedia&parent=69"}],"curies":[{"name":"wp","href":"https:\/\/api.w.org\/{rel}","templated":true}]}}