{"id":85,"date":"2011-06-27T20:59:18","date_gmt":"2011-06-27T18:59:18","guid":{"rendered":"http:\/\/www.tsi1.hostzi.com\/?page_id=85"},"modified":"2019-01-25T21:42:24","modified_gmt":"2019-01-25T20:42:24","slug":"procedure-dadmission","status":"publish","type":"page","link":"https:\/\/www.tsi.lycee-louis-vincent.fr\/?page_id=85","title":{"rendered":"Proc\u00e9dure d&rsquo;admission"},"content":{"rendered":"<blockquote>\n<p style=\"text-align: center;\"><span style=\"color: #993366;\"><strong>Pour entrer en classe pr\u00e9paratoire, il n&rsquo;est pas n\u00e9cessaire d&rsquo;\u00eatre le premier de la classe dans toutes les mati\u00e8res<\/strong>.<\/span><\/p>\n<\/blockquote>\n<p>Un bon niveau d&rsquo;ensemble est n\u00e9anmoins n\u00e9cessaire mais les \u00e9l\u00e9ments essentiels de votre r\u00e9ussite sont votre <span style=\"color: #993366;\"><strong>motivation<\/strong><\/span> ainsi qu&rsquo;un <strong>travail assidu et r\u00e9gulier.<\/strong><\/p>\n<blockquote><p>La proc\u00e9dure d&rsquo;admission est informatis\u00e9e. Il suffit de d\u00e9poser sa candidature sur la plateforme \u00ab\u00a0<a href=\"http:\/\/www.parcoursup.fr\">parcoursup<\/a>\u00a0\u00bb avant le 14 mars.<\/p><\/blockquote>\n<p>Le dossier sera \u00e9tudi\u00e9 par l&rsquo;\u00e9quipe enseignante de la CPGE TSI et les premi\u00e8res r\u00e9ponses seront communiqu\u00e9es \u00e0 partir du 15 mai.<\/p>\n<p>Pour toute question concernant votre admission, n&rsquo;h\u00e9sitez pas \u00e0 nous <a title=\"Contactez-nous\" href=\"\/?page_id=55\" target=\"_blank\" rel=\"noopener\">contacter<\/a>.<\/p>\n<p style=\"text-align: right;\">\n<p style=\"text-align: right;\"><a title=\"La pr\u00e9pa TSI\" href=\"\/?page_id=67\" target=\"_blank\" rel=\"noopener\">Retour vers \u00ab\u00a0La Pr\u00e9pa TSI\u00a0\u00bb<\/a><\/p>\n","protected":false},"excerpt":{"rendered":"<p>Pour entrer en classe pr\u00e9paratoire, il n&rsquo;est pas n\u00e9cessaire d&rsquo;\u00eatre le premier de la classe dans toutes les mati\u00e8res. Un bon niveau d&rsquo;ensemble est n\u00e9anmoins n\u00e9cessaire mais les \u00e9l\u00e9ments essentiels de votre r\u00e9ussite sont votre motivation ainsi qu&rsquo;un travail assidu et r\u00e9gulier. La proc\u00e9dure d&rsquo;admission est informatis\u00e9e. Il suffit de d\u00e9poser sa candidature sur la [&hellip;]<\/p>\n","protected":false},"author":1,"featured_media":0,"parent":67,"menu_order":0,"comment_status":"closed","ping_status":"open","template":"","meta":{"footnotes":""},"_links":{"self":[{"href":"https:\/\/www.tsi.lycee-louis-vincent.fr\/index.php?rest_route=\/wp\/v2\/pages\/85"}],"collection":[{"href":"https:\/\/www.tsi.lycee-louis-vincent.fr\/index.php?rest_route=\/wp\/v2\/pages"}],"about":[{"href":"https:\/\/www.tsi.lycee-louis-vincent.fr\/index.php?rest_route=\/wp\/v2\/types\/page"}],"author":[{"embeddable":true,"href":"https:\/\/www.tsi.lycee-louis-vincent.fr\/index.php?rest_route=\/wp\/v2\/users\/1"}],"replies":[{"embeddable":true,"href":"https:\/\/www.tsi.lycee-louis-vincent.fr\/index.php?rest_route=%2Fwp%2Fv2%2Fcomments&post=85"}],"version-history":[{"count":1,"href":"https:\/\/www.tsi.lycee-louis-vincent.fr\/index.php?rest_route=\/wp\/v2\/pages\/85\/revisions"}],"predecessor-version":[{"id":3822,"href":"https:\/\/www.tsi.lycee-louis-vincent.fr\/index.php?rest_route=\/wp\/v2\/pages\/85\/revisions\/3822"}],"up":[{"embeddable":true,"href":"https:\/\/www.tsi.lycee-louis-vincent.fr\/index.php?rest_route=\/wp\/v2\/pages\/67"}],"wp:attachment":[{"href":"https:\/\/www.tsi.lycee-louis-vincent.fr\/index.php?rest_route=%2Fwp%2Fv2%2Fmedia&parent=85"}],"curies":[{"name":"wp","href":"https:\/\/api.w.org\/{rel}","templated":true}]}}