{"id":87,"date":"2011-06-27T20:59:49","date_gmt":"2011-06-27T18:59:49","guid":{"rendered":"http:\/\/www.tsi1.hostzi.com\/?page_id=87"},"modified":"2015-11-12T07:34:55","modified_gmt":"2015-11-12T06:34:55","slug":"origine-des-etudiants","status":"publish","type":"page","link":"https:\/\/www.tsi.lycee-louis-vincent.fr\/?page_id=87","title":{"rendered":"Origine des \u00e9tudiants"},"content":{"rendered":"<div class=\"entry\">\n<p style=\"text-align: right;\"><a title=\"La pr\u00e9pa TSI\" href=\"\/?page_id=67\">Retour vers \u00ab\u00a0La Pr\u00e9pa TSI\u00a0\u00bb<\/a><\/p>\n<blockquote>\n<p style=\"text-align: center;\"><span style=\"color: #993366;\">La pr\u00e9pa TSI est r\u00e9serv\u00e9e aux bacheliers des fili\u00e8res <strong>STI2D et STL<\/strong><\/span><\/p>\n<\/blockquote>\n<p>La r\u00e9partition des \u00e9l\u00e8ves est repr\u00e9sent\u00e9e sur le diagramme suivant.<\/p>\n<p style=\"text-align: justify;\">M\u00eame si les origines sont assez vari\u00e9es, il n\u2019y a pas d\u2019\u00e9tudiants favoris\u00e9s ou d\u00e9favoris\u00e9s par leur fili\u00e8re d\u2019origine. En effet, <strong>la diversit\u00e9 des enseignements propos\u00e9s permet \u00e0 chacun de s\u2019y retrouver<\/strong>. De plus, un <strong>rappel des bases<\/strong> est effectu\u00e9 dans chaque mati\u00e8re en d\u00e9but d\u2019ann\u00e9e.<\/p>\n<p><a href=\"http:\/\/www.tsi.lycee-louis-vincent.fr\/wp-content\/uploads\/2011\/06\/repartition.png\"><img loading=\"lazy\" decoding=\"async\" class=\"size-full wp-image-2579 aligncenter\" alt=\"repartition\" src=\"http:\/\/www.tsi.lycee-louis-vincent.fr\/wp-content\/uploads\/2011\/06\/repartition.png\" width=\"793\" height=\"513\" srcset=\"https:\/\/www.tsi.lycee-louis-vincent.fr\/wp-content\/uploads\/2011\/06\/repartition.png 793w, https:\/\/www.tsi.lycee-louis-vincent.fr\/wp-content\/uploads\/2011\/06\/repartition-300x194.png 300w\" sizes=\"(max-width: 793px) 100vw, 793px\" \/><\/a><\/p>\n<p style=\"text-align: right;\"><a title=\"La pr\u00e9pa TSI\" href=\"\/?page_id=67\">Retour vers \u00ab\u00a0La Pr\u00e9pa TSI\u00a0\u00bb<\/a><\/p>\n<\/div>\n","protected":false},"excerpt":{"rendered":"<p>Retour vers \u00ab\u00a0La Pr\u00e9pa TSI\u00a0\u00bb La pr\u00e9pa TSI est r\u00e9serv\u00e9e aux bacheliers des fili\u00e8res STI2D et STL La r\u00e9partition des \u00e9l\u00e8ves est repr\u00e9sent\u00e9e sur le diagramme suivant. M\u00eame si les origines sont assez vari\u00e9es, il n\u2019y a pas d\u2019\u00e9tudiants favoris\u00e9s ou d\u00e9favoris\u00e9s par leur fili\u00e8re d\u2019origine. En effet, la diversit\u00e9 des enseignements propos\u00e9s permet \u00e0 [&hellip;]<\/p>\n","protected":false},"author":1,"featured_media":0,"parent":67,"menu_order":0,"comment_status":"closed","ping_status":"open","template":"","meta":{"footnotes":""},"_links":{"self":[{"href":"https:\/\/www.tsi.lycee-louis-vincent.fr\/index.php?rest_route=\/wp\/v2\/pages\/87"}],"collection":[{"href":"https:\/\/www.tsi.lycee-louis-vincent.fr\/index.php?rest_route=\/wp\/v2\/pages"}],"about":[{"href":"https:\/\/www.tsi.lycee-louis-vincent.fr\/index.php?rest_route=\/wp\/v2\/types\/page"}],"author":[{"embeddable":true,"href":"https:\/\/www.tsi.lycee-louis-vincent.fr\/index.php?rest_route=\/wp\/v2\/users\/1"}],"replies":[{"embeddable":true,"href":"https:\/\/www.tsi.lycee-louis-vincent.fr\/index.php?rest_route=%2Fwp%2Fv2%2Fcomments&post=87"}],"version-history":[{"count":3,"href":"https:\/\/www.tsi.lycee-louis-vincent.fr\/index.php?rest_route=\/wp\/v2\/pages\/87\/revisions"}],"predecessor-version":[{"id":2582,"href":"https:\/\/www.tsi.lycee-louis-vincent.fr\/index.php?rest_route=\/wp\/v2\/pages\/87\/revisions\/2582"}],"up":[{"embeddable":true,"href":"https:\/\/www.tsi.lycee-louis-vincent.fr\/index.php?rest_route=\/wp\/v2\/pages\/67"}],"wp:attachment":[{"href":"https:\/\/www.tsi.lycee-louis-vincent.fr\/index.php?rest_route=%2Fwp%2Fv2%2Fmedia&parent=87"}],"curies":[{"name":"wp","href":"https:\/\/api.w.org\/{rel}","templated":true}]}}