{"id":97,"date":"2011-06-29T11:36:42","date_gmt":"2011-06-29T09:36:42","guid":{"rendered":"http:\/\/www.tsi1.hostzi.com\/?page_id=97"},"modified":"2024-02-06T08:35:41","modified_gmt":"2024-02-06T07:35:41","slug":"accueil","status":"publish","type":"page","link":"https:\/\/www.tsi.lycee-louis-vincent.fr\/","title":{"rendered":"Bienvenue sur le site de la CPGE TSI"},"content":{"rendered":"\n<figure class=\"wp-block-embed is-type-video is-provider-youtube wp-block-embed-youtube wp-embed-aspect-16-9 wp-has-aspect-ratio\"><div class=\"wp-block-embed__wrapper\">\n<iframe loading=\"lazy\" title=\"Pr\u00e9sentation CPGE TSI du Lyc\u00e9e Louis Vincent METZ\" width=\"830\" height=\"467\" src=\"https:\/\/www.youtube.com\/embed\/grh2YcEeyvk?feature=oembed\" frameborder=\"0\" allow=\"accelerometer; autoplay; clipboard-write; encrypted-media; gyroscope; picture-in-picture; web-share\" allowfullscreen><\/iframe>\n<\/div><\/figure>\n\n\n<blockquote>\n<p style=\"text-align: center;\"><span style=\"color: #993366;\">Devenir ing\u00e9nieur(e) en \u00e9tant titulaire d&rsquo;un bac technologique,\u00a0c&rsquo;est possible !!!<strong><br \/>Osez la classe pr\u00e9pa TSI !<\/strong><\/span><\/p>\n<\/blockquote>\n<p style=\"text-align: justify;\">La pr\u00e9pa TSI (<strong>T<\/strong>echnologie,\u00a0<strong>S<\/strong>ciences de l&rsquo;<strong>I<\/strong>ng\u00e9nieur) du Lyc\u00e9e Louis Vincent \u00e0 METZ est l&rsquo;unique classe pr\u00e9paratoire aux grandes \u00e9coles r\u00e9serv\u00e9e aux lyc\u00e9ens des fili\u00e8res STI2D et STL de l&rsquo;acad\u00e9mie de Nancy Metz.<\/p>\n<p>Elle permet d&rsquo;acc\u00e9der aux grandes \u00e9coles d&rsquo;ing\u00e9nieur, sur concours ou dossier apr\u00e8s 2 ans de formation.<\/p>\n<p><strong>Quelques exemples de parcours d&rsquo;anciens \u00e9tudiants :<\/strong><\/p>\n<p style=\"text-align: center;\"><div class=\"_df_thumb \" id=\"df_6240\"  _slug=\"quelques-parcours\" data-title=\"quelques-parcours\" wpoptions=\"true\" thumb=\"http:\/\/www.tsi.lycee-louis-vincent.fr\/wp-content\/uploads\/2024\/02\/Diapositive1.jpeg\" thumbtype=\"\" >Quelques parcours<\/div><script class=\"df-shortcode-script\" type=\"application\/javascript\">window.option_df_6240 = {\"outline\":[],\"hard\":\"cover\",\"autoEnableOutline\":\"false\",\"autoEnableThumbnail\":\"false\",\"overwritePDFOutline\":\"false\",\"enableDownload\":\"false\",\"direction\":\"1\",\"pageSize\":\"0\",\"pageMode\":\"1\",\"singlePageMode\":\"2\",\"source\":[\"http:\\\/\\\/www.tsi.lycee-louis-vincent.fr\\\/wp-content\\\/uploads\\\/2024\\\/02\\\/Diapositive1.jpeg\",\"http:\\\/\\\/www.tsi.lycee-louis-vincent.fr\\\/wp-content\\\/uploads\\\/2024\\\/02\\\/Diapositive2.jpeg\",\"http:\\\/\\\/www.tsi.lycee-louis-vincent.fr\\\/wp-content\\\/uploads\\\/2024\\\/02\\\/Diapositive3.jpeg\",\"http:\\\/\\\/www.tsi.lycee-louis-vincent.fr\\\/wp-content\\\/uploads\\\/2024\\\/02\\\/Diapositive4.jpeg\",\"http:\\\/\\\/www.tsi.lycee-louis-vincent.fr\\\/wp-content\\\/uploads\\\/2024\\\/02\\\/Diapositive5.jpeg\",\"http:\\\/\\\/www.tsi.lycee-louis-vincent.fr\\\/wp-content\\\/uploads\\\/2024\\\/02\\\/Diapositive6.jpeg\",\"http:\\\/\\\/www.tsi.lycee-louis-vincent.fr\\\/wp-content\\\/uploads\\\/2024\\\/02\\\/Diapositive7.jpeg\",\"http:\\\/\\\/www.tsi.lycee-louis-vincent.fr\\\/wp-content\\\/uploads\\\/2024\\\/02\\\/Diapositive8.jpeg\",\"http:\\\/\\\/www.tsi.lycee-louis-vincent.fr\\\/wp-content\\\/uploads\\\/2024\\\/02\\\/Diapositive9.jpeg\",\"http:\\\/\\\/www.tsi.lycee-louis-vincent.fr\\\/wp-content\\\/uploads\\\/2024\\\/02\\\/Diapositive10.jpeg\",\"http:\\\/\\\/www.tsi.lycee-louis-vincent.fr\\\/wp-content\\\/uploads\\\/2024\\\/02\\\/Diapositive11.jpeg\",\"http:\\\/\\\/www.tsi.lycee-louis-vincent.fr\\\/wp-content\\\/uploads\\\/2024\\\/02\\\/Diapositive12.jpeg\",\"http:\\\/\\\/www.tsi.lycee-louis-vincent.fr\\\/wp-content\\\/uploads\\\/2024\\\/02\\\/Diapositive13.jpeg\",\"http:\\\/\\\/www.tsi.lycee-louis-vincent.fr\\\/wp-content\\\/uploads\\\/2024\\\/02\\\/Diapositive14.jpeg\",\"http:\\\/\\\/www.tsi.lycee-louis-vincent.fr\\\/wp-content\\\/uploads\\\/2024\\\/02\\\/Diapositive15.jpeg\",\"http:\\\/\\\/www.tsi.lycee-louis-vincent.fr\\\/wp-content\\\/uploads\\\/2024\\\/02\\\/Diapositive16.jpeg\",\"http:\\\/\\\/www.tsi.lycee-louis-vincent.fr\\\/wp-content\\\/uploads\\\/2024\\\/02\\\/Diapositive17.jpeg\",\"http:\\\/\\\/www.tsi.lycee-louis-vincent.fr\\\/wp-content\\\/uploads\\\/2024\\\/02\\\/Diapositive18.jpeg\",\"http:\\\/\\\/www.tsi.lycee-louis-vincent.fr\\\/wp-content\\\/uploads\\\/2024\\\/02\\\/Diapositive19.jpeg\",\"http:\\\/\\\/www.tsi.lycee-louis-vincent.fr\\\/wp-content\\\/uploads\\\/2024\\\/02\\\/Diapositive20.jpeg\"],\"wpOptions\":\"true\",\"links\":[[],[],[],[],[],[],[],[],[],[],[],[],[],[],[],[],[],[],[],[],[]]}; if(window.DFLIP && window.DFLIP.parseBooks){window.DFLIP.parseBooks();}<\/script><\/p>\n<ul>\n<li><a title=\"La pr\u00e9pa TSI\" href=\"\/?page_id=67\">Pr\u00e9sentation d\u00e9taill\u00e9e de la formation<\/a><\/li>\n<li><a title=\"Proc\u00e9dure d\u2019admission\" href=\"http:\/\/www.tsi.lycee-louis-vincent.fr\/?page_id=173\">T\u00e9moignages complets<\/a><\/li>\n<li><a title=\"Horaires et enseignements\" href=\"\/?page_id=83\">Nature des enseignements et horaires<\/a><\/li>\n<\/ul>\n<p><strong>Etudiants en CPGE, nous mettons \u00e0 votre disposition:<\/strong><\/p>\n<ul>\n<li><a title=\"Cours et Documents\" href=\"http:\/\/www.tsi.lycee-louis-vincent.fr\/?page_id=26\">Des fiches de cours, des TD, devoirs &#8230;<\/a><\/li>\n<li><a href=\"http:\/\/www.tsi.lycee-louis-vincent.fr\/?page_id=4815\">Des QCM en ligne<\/a><\/li>\n<li><a title=\"Les \u00e9coles d\u2019ing\u00e9nieur\" href=\"\/?page_id=125\">Les places offertes aux concours<\/a><\/li>\n<\/ul>\n\n\n<p><\/p>\n","protected":false},"excerpt":{"rendered":"<p>Devenir ing\u00e9nieur(e) en \u00e9tant titulaire d&rsquo;un bac technologique,\u00a0c&rsquo;est possible !!!Osez la classe pr\u00e9pa TSI ! La pr\u00e9pa TSI (Technologie,\u00a0Sciences de l&rsquo;Ing\u00e9nieur) du Lyc\u00e9e Louis Vincent \u00e0 METZ est l&rsquo;unique classe pr\u00e9paratoire aux grandes \u00e9coles r\u00e9serv\u00e9e aux lyc\u00e9ens des fili\u00e8res STI2D et STL de l&rsquo;acad\u00e9mie de Nancy Metz. Elle permet d&rsquo;acc\u00e9der aux grandes \u00e9coles d&rsquo;ing\u00e9nieur, sur [&hellip;]<\/p>\n","protected":false},"author":1,"featured_media":0,"parent":0,"menu_order":0,"comment_status":"closed","ping_status":"open","template":"","meta":{"footnotes":""},"_links":{"self":[{"href":"https:\/\/www.tsi.lycee-louis-vincent.fr\/index.php?rest_route=\/wp\/v2\/pages\/97"}],"collection":[{"href":"https:\/\/www.tsi.lycee-louis-vincent.fr\/index.php?rest_route=\/wp\/v2\/pages"}],"about":[{"href":"https:\/\/www.tsi.lycee-louis-vincent.fr\/index.php?rest_route=\/wp\/v2\/types\/page"}],"author":[{"embeddable":true,"href":"https:\/\/www.tsi.lycee-louis-vincent.fr\/index.php?rest_route=\/wp\/v2\/users\/1"}],"replies":[{"embeddable":true,"href":"https:\/\/www.tsi.lycee-louis-vincent.fr\/index.php?rest_route=%2Fwp%2Fv2%2Fcomments&post=97"}],"version-history":[{"count":37,"href":"https:\/\/www.tsi.lycee-louis-vincent.fr\/index.php?rest_route=\/wp\/v2\/pages\/97\/revisions"}],"predecessor-version":[{"id":6261,"href":"https:\/\/www.tsi.lycee-louis-vincent.fr\/index.php?rest_route=\/wp\/v2\/pages\/97\/revisions\/6261"}],"wp:attachment":[{"href":"https:\/\/www.tsi.lycee-louis-vincent.fr\/index.php?rest_route=%2Fwp%2Fv2%2Fmedia&parent=97"}],"curies":[{"name":"wp","href":"https:\/\/api.w.org\/{rel}","templated":true}]}}